{"id":2759,"date":"2024-01-15T09:10:18","date_gmt":"2024-01-15T08:10:18","guid":{"rendered":"https:\/\/www.oa6.fr\/notre-technologie\/"},"modified":"2024-10-31T16:38:33","modified_gmt":"2024-10-31T15:38:33","slug":"our-technology","status":"publish","type":"page","link":"https:\/\/www.oa6.fr\/en\/our-technology\/","title":{"rendered":"Our technology"},"content":{"rendered":"","protected":false},"excerpt":{"rendered":"<p>\u00e9couvrez la brumisation haute pression, une solution innovante et performante pour r\u00e9pondre \u00e0 divers besoins en termes de rafra\u00eechissement, de conservation et de bien-\u00eatre. OA6, sp\u00e9cialiste fran\u00e7ais de la conception et de la fourniture de syst\u00e8mes de brumisation haute pression, vous accompagne dans la r\u00e9alisation de vos projets en France et \u00e0 l\u2019international.<\/p>\n","protected":false},"author":3,"featured_media":3903,"parent":0,"menu_order":0,"comment_status":"closed","ping_status":"closed","template":"","meta":{"_acf_changed":false,"_seopress_robots_primary_cat":"","_seopress_titles_title":"Different high-pressure misting technologies","_seopress_titles_desc":"High-pressure misting, an innovative, high-performance solution to meet your needs in terms of cooling, conservation and well-being...","_seopress_robots_index":"","footnotes":""},"hf_cat_page":[40],"class_list":["post-2759","page","type-page","status-publish","has-post-thumbnail"],"acf":[],"_links":{"self":[{"href":"https:\/\/www.oa6.fr\/en\/wp-json\/wp\/v2\/pages\/2759","targetHints":{"allow":["GET"]}}],"collection":[{"href":"https:\/\/www.oa6.fr\/en\/wp-json\/wp\/v2\/pages"}],"about":[{"href":"https:\/\/www.oa6.fr\/en\/wp-json\/wp\/v2\/types\/page"}],"author":[{"embeddable":true,"href":"https:\/\/www.oa6.fr\/en\/wp-json\/wp\/v2\/users\/3"}],"replies":[{"embeddable":true,"href":"https:\/\/www.oa6.fr\/en\/wp-json\/wp\/v2\/comments?post=2759"}],"version-history":[{"count":18,"href":"https:\/\/www.oa6.fr\/en\/wp-json\/wp\/v2\/pages\/2759\/revisions"}],"predecessor-version":[{"id":3593,"href":"https:\/\/www.oa6.fr\/en\/wp-json\/wp\/v2\/pages\/2759\/revisions\/3593"}],"wp:featuredmedia":[{"embeddable":true,"href":"https:\/\/www.oa6.fr\/en\/wp-json\/wp\/v2\/media\/3903"}],"wp:attachment":[{"href":"https:\/\/www.oa6.fr\/en\/wp-json\/wp\/v2\/media?parent=2759"}],"wp:term":[{"taxonomy":"hf_cat_page","embeddable":true,"href":"https:\/\/www.oa6.fr\/en\/wp-json\/wp\/v2\/hf_cat_page?post=2759"}],"curies":[{"name":"wp","href":"https:\/\/api.w.org\/{rel}","templated":true}]}}