{"id":2809,"date":"2024-01-15T09:08:09","date_gmt":"2024-01-15T08:08:09","guid":{"rendered":"https:\/\/www.oa6.fr\/notre-expertise\/"},"modified":"2024-10-31T16:42:46","modified_gmt":"2024-10-31T15:42:46","slug":"our-expertise","status":"publish","type":"page","link":"https:\/\/www.oa6.fr\/en\/our-expertise\/","title":{"rendered":"Our expertise"},"content":{"rendered":"","protected":false},"excerpt":{"rendered":"<p>D\u00e9couvrez nos solutions de brumisation haute pression adapt\u00e9es pour l&#8217;industrie, l&#8217;agro-alimentaire, l&#8217;\u00e9levage et CHR. Approche globale &#038; suivi personnalis\u00e9.<\/p>\n","protected":false},"author":3,"featured_media":3903,"parent":0,"menu_order":0,"comment_status":"closed","ping_status":"closed","template":"","meta":{"_acf_changed":false,"_seopress_robots_primary_cat":"","_seopress_titles_title":"Designer and supplier of high-pressure misters","_seopress_titles_desc":"Discover our high-pressure misting solutions for industry, the food industry, livestock farming and hospitality. Global approach & personalised follow-up.","_seopress_robots_index":"","footnotes":""},"hf_cat_page":[40],"class_list":["post-2809","page","type-page","status-publish","has-post-thumbnail"],"acf":[],"_links":{"self":[{"href":"https:\/\/www.oa6.fr\/en\/wp-json\/wp\/v2\/pages\/2809","targetHints":{"allow":["GET"]}}],"collection":[{"href":"https:\/\/www.oa6.fr\/en\/wp-json\/wp\/v2\/pages"}],"about":[{"href":"https:\/\/www.oa6.fr\/en\/wp-json\/wp\/v2\/types\/page"}],"author":[{"embeddable":true,"href":"https:\/\/www.oa6.fr\/en\/wp-json\/wp\/v2\/users\/3"}],"replies":[{"embeddable":true,"href":"https:\/\/www.oa6.fr\/en\/wp-json\/wp\/v2\/comments?post=2809"}],"version-history":[{"count":9,"href":"https:\/\/www.oa6.fr\/en\/wp-json\/wp\/v2\/pages\/2809\/revisions"}],"predecessor-version":[{"id":3917,"href":"https:\/\/www.oa6.fr\/en\/wp-json\/wp\/v2\/pages\/2809\/revisions\/3917"}],"wp:featuredmedia":[{"embeddable":true,"href":"https:\/\/www.oa6.fr\/en\/wp-json\/wp\/v2\/media\/3903"}],"wp:attachment":[{"href":"https:\/\/www.oa6.fr\/en\/wp-json\/wp\/v2\/media?parent=2809"}],"wp:term":[{"taxonomy":"hf_cat_page","embeddable":true,"href":"https:\/\/www.oa6.fr\/en\/wp-json\/wp\/v2\/hf_cat_page?post=2809"}],"curies":[{"name":"wp","href":"https:\/\/api.w.org\/{rel}","templated":true}]}}