{"id":2347,"date":"2025-08-28T11:39:58","date_gmt":"2025-08-28T11:39:58","guid":{"rendered":"https:\/\/www.oa6.fr\/shop\/boutique-brumisation\/adaptateur-g1-4-x-635mm\/"},"modified":"2026-01-05T12:24:24","modified_gmt":"2026-01-05T11:24:24","slug":"adaptateur-g1-4-x-635mm","status":"publish","type":"product","link":"https:\/\/www.oa6.fr\/shop\/en\/boutique-brumisation\/adaptateur-g1-4-x-635mm\/","title":{"rendered":"G1\/4 x 6.35 mm adapter"},"content":{"rendered":"<p data-start=\"91\" data-end=\"345\">The adapter is designed to easily connect a standard G1\/4\u201c threaded outlet to a 6.35 mm (1\/4\u201d) or 9.52 mm (3\/8&#8243;) tube in a misting system. Robust and reliable, it ensures a perfect seal even under high pressure, up to 70 bar.<\/p>\n","protected":false},"excerpt":{"rendered":"<p>The adapter is designed to easily connect a standard G1\/4\u201c threaded outlet to a 6.35 mm (1\/4\u201d) or 9.52 mm (3\/8&#8243;) tube in a misting system. Robust and reliable, it ensures a perfect seal even under high pressure, up to 70 bar.<\/p>\n","protected":false},"featured_media":2349,"comment_status":"open","ping_status":"closed","template":"","meta":{"_acf_changed":false,"_seopress_robots_primary_cat":"none","_seopress_titles_title":"Adaptateur G1\/4\u2033 vers \u00d86,35 mm raccord brumisation haute pression","_seopress_titles_desc":"Raccordez votre pompe de brumisation \u00e0 votre tube (\u00d86,35 ou \u00d89,52) avec cet adaptateur G1\/4\u2033 en laiton nickel\u00e9. \u00c9tanch\u00e9it\u00e9 haute pression.","_seopress_robots_index":""},"solution-metier-produit":[],"product_brand":[86],"product_cat":[110,111],"product_tag":[],"class_list":{"0":"post-2347","1":"product","2":"type-product","3":"status-publish","4":"has-post-thumbnail","6":"product_brand-oa6","7":"product_cat-o1-4","8":"product_cat-o3-8","10":"first","11":"instock","12":"taxable","13":"shipping-taxable","14":"purchasable","15":"product-type-variable"},"acf":[],"_links":{"self":[{"href":"https:\/\/www.oa6.fr\/shop\/en\/wp-json\/wp\/v2\/product\/2347","targetHints":{"allow":["GET"]}}],"collection":[{"href":"https:\/\/www.oa6.fr\/shop\/en\/wp-json\/wp\/v2\/product"}],"about":[{"href":"https:\/\/www.oa6.fr\/shop\/en\/wp-json\/wp\/v2\/types\/product"}],"replies":[{"embeddable":true,"href":"https:\/\/www.oa6.fr\/shop\/en\/wp-json\/wp\/v2\/comments?post=2347"}],"wp:featuredmedia":[{"embeddable":true,"href":"https:\/\/www.oa6.fr\/shop\/en\/wp-json\/wp\/v2\/media\/2349"}],"wp:attachment":[{"href":"https:\/\/www.oa6.fr\/shop\/en\/wp-json\/wp\/v2\/media?parent=2347"}],"wp:term":[{"taxonomy":"solution-metier-produit","embeddable":true,"href":"https:\/\/www.oa6.fr\/shop\/en\/wp-json\/wp\/v2\/solution-metier-produit?post=2347"},{"taxonomy":"product_brand","embeddable":true,"href":"https:\/\/www.oa6.fr\/shop\/en\/wp-json\/wp\/v2\/product_brand?post=2347"},{"taxonomy":"product_cat","embeddable":true,"href":"https:\/\/www.oa6.fr\/shop\/en\/wp-json\/wp\/v2\/product_cat?post=2347"},{"taxonomy":"product_tag","embeddable":true,"href":"https:\/\/www.oa6.fr\/shop\/en\/wp-json\/wp\/v2\/product_tag?post=2347"}],"curies":[{"name":"wp","href":"https:\/\/api.w.org\/{rel}","templated":true}]}}