{"id":117,"date":"2025-03-03T15:37:32","date_gmt":"2025-03-03T15:37:32","guid":{"rendered":"https:\/\/www.oa6.fr\/shop\/?page_id=117"},"modified":"2025-12-12T12:04:08","modified_gmt":"2025-12-12T11:04:08","slug":"assistance","status":"publish","type":"page","link":"https:\/\/www.oa6.fr\/shop\/assistance\/","title":{"rendered":"Assistance"},"content":{"rendered":"","protected":false},"excerpt":{"rendered":"","protected":false},"author":2,"featured_media":0,"parent":0,"menu_order":0,"comment_status":"closed","ping_status":"closed","template":"","meta":{"_acf_changed":false,"_seopress_robots_primary_cat":"","_seopress_titles_title":"Assistance brumisation oa6 faq, fiches techniques et sav","_seopress_titles_desc":"Trouvez toutes les r\u00e9ponses \u00e0 vos questions sur la brumisation haute pression. consultez notre faq, t\u00e9l\u00e9chargez les fiches techniques et contactez notre sav.","_seopress_robots_index":"","footnotes":""},"class_list":["post-117","page","type-page","status-publish"],"acf":[],"_links":{"self":[{"href":"https:\/\/www.oa6.fr\/shop\/wp-json\/wp\/v2\/pages\/117","targetHints":{"allow":["GET"]}}],"collection":[{"href":"https:\/\/www.oa6.fr\/shop\/wp-json\/wp\/v2\/pages"}],"about":[{"href":"https:\/\/www.oa6.fr\/shop\/wp-json\/wp\/v2\/types\/page"}],"author":[{"embeddable":true,"href":"https:\/\/www.oa6.fr\/shop\/wp-json\/wp\/v2\/users\/2"}],"replies":[{"embeddable":true,"href":"https:\/\/www.oa6.fr\/shop\/wp-json\/wp\/v2\/comments?post=117"}],"version-history":[{"count":3,"href":"https:\/\/www.oa6.fr\/shop\/wp-json\/wp\/v2\/pages\/117\/revisions"}],"predecessor-version":[{"id":2256,"href":"https:\/\/www.oa6.fr\/shop\/wp-json\/wp\/v2\/pages\/117\/revisions\/2256"}],"wp:attachment":[{"href":"https:\/\/www.oa6.fr\/shop\/wp-json\/wp\/v2\/media?parent=117"}],"curies":[{"name":"wp","href":"https:\/\/api.w.org\/{rel}","templated":true}]}}