{"id":1055,"date":"2025-03-21T13:42:08","date_gmt":"2025-03-21T13:42:08","guid":{"rendered":"https:\/\/www.oa6.fr\/shop\/?post_type=product&#038;p=1055"},"modified":"2026-01-07T11:26:26","modified_gmt":"2026-01-07T10:26:26","slug":"te-egal","status":"publish","type":"product","link":"https:\/\/www.oa6.fr\/shop\/boutique-brumisation\/te-egal\/","title":{"rendered":"T\u00e9"},"content":{"rendered":"<p>Le t\u00e9 \u00e9gal OA6 est un\u00a0<strong>raccord haute pression pour brumisateur<\/strong>, permettant de\u00a0<strong>diviser votre ligne de brumisation en deux<\/strong>. Compos\u00e9 d\u2019un corps en laiton nickel\u00e9, il garantit une\u00a0<strong>excellente long\u00e9vit\u00e9 et une \u00e9tanch\u00e9it\u00e9 optimale<\/strong>\u00a0gr\u00e2ce \u00e0 ses joints toriques. Son montage se fait par\u00a0<strong>embo\u00eetement instantan\u00e9<\/strong>.<\/p>\n","protected":false},"excerpt":{"rendered":"<p>Le t\u00e9 \u00e9gal OA6 est un\u00a0<strong>raccord haute pression pour brumisateur<\/strong>, permettant de\u00a0<strong>diviser votre ligne de brumisation en deux<\/strong>. Compos\u00e9 d\u2019un corps en laiton nickel\u00e9, il garantit une\u00a0<strong>excellente long\u00e9vit\u00e9 et une \u00e9tanch\u00e9it\u00e9 optimale<\/strong>\u00a0gr\u00e2ce \u00e0 ses joints toriques. Son montage se fait par\u00a0<strong>embo\u00eetement instantan\u00e9<\/strong>.<\/p>\n","protected":false},"featured_media":1056,"comment_status":"open","ping_status":"closed","template":"","meta":{"_acf_changed":false,"_seopress_robots_primary_cat":"none","_seopress_titles_title":"T\u00e9 raccord pour tube brumisation haute pression","_seopress_titles_desc":"Divisez votre ligne de brumisation en deux avec ce t\u00e9 \u00e9gal haute pression. Il assure une \u00e9tanch\u00e9it\u00e9 optimale et un montage par embo\u00eetement instantan\u00e9.","_seopress_robots_index":""},"solution-metier-produit":[],"product_brand":[86],"product_cat":[36,37,38,26],"product_tag":[],"class_list":{"0":"post-1055","1":"product","2":"type-product","3":"status-publish","4":"has-post-thumbnail","6":"product_brand-oa6","7":"product_cat-o1-4","8":"product_cat-o3-8","9":"product_cat-o8","10":"product_cat-raccord-de-brumisation","12":"first","13":"instock","14":"taxable","15":"shipping-taxable","16":"purchasable","17":"product-type-variable"},"acf":[],"_links":{"self":[{"href":"https:\/\/www.oa6.fr\/shop\/wp-json\/wp\/v2\/product\/1055","targetHints":{"allow":["GET"]}}],"collection":[{"href":"https:\/\/www.oa6.fr\/shop\/wp-json\/wp\/v2\/product"}],"about":[{"href":"https:\/\/www.oa6.fr\/shop\/wp-json\/wp\/v2\/types\/product"}],"replies":[{"embeddable":true,"href":"https:\/\/www.oa6.fr\/shop\/wp-json\/wp\/v2\/comments?post=1055"}],"wp:featuredmedia":[{"embeddable":true,"href":"https:\/\/www.oa6.fr\/shop\/wp-json\/wp\/v2\/media\/1056"}],"wp:attachment":[{"href":"https:\/\/www.oa6.fr\/shop\/wp-json\/wp\/v2\/media?parent=1055"}],"wp:term":[{"taxonomy":"solution-metier-produit","embeddable":true,"href":"https:\/\/www.oa6.fr\/shop\/wp-json\/wp\/v2\/solution-metier-produit?post=1055"},{"taxonomy":"product_brand","embeddable":true,"href":"https:\/\/www.oa6.fr\/shop\/wp-json\/wp\/v2\/product_brand?post=1055"},{"taxonomy":"product_cat","embeddable":true,"href":"https:\/\/www.oa6.fr\/shop\/wp-json\/wp\/v2\/product_cat?post=1055"},{"taxonomy":"product_tag","embeddable":true,"href":"https:\/\/www.oa6.fr\/shop\/wp-json\/wp\/v2\/product_tag?post=1055"}],"curies":[{"name":"wp","href":"https:\/\/api.w.org\/{rel}","templated":true}]}}