{"id":1057,"date":"2025-03-21T13:45:39","date_gmt":"2025-03-21T13:45:39","guid":{"rendered":"https:\/\/www.oa6.fr\/shop\/?post_type=product&#038;p=1057"},"modified":"2025-12-12T11:38:34","modified_gmt":"2025-12-12T10:38:34","slug":"coude","status":"publish","type":"product","link":"https:\/\/www.oa6.fr\/shop\/boutique-brumisation\/coude\/","title":{"rendered":"Coude"},"content":{"rendered":"<p>Le coude pour brumisateur haute pression OA6 est\u00a0<strong>un raccord de qualit\u00e9 sup\u00e9rieure<\/strong>, fabriqu\u00e9 en laiton nickel\u00e9 pour\u00a0<strong>une dur\u00e9e de vie plus longue<\/strong>\u00a0que le plastique. Il est sp\u00e9cialement con\u00e7u\u00a0<strong>pour faire des angles droits avec la rampe de brumisation<\/strong>\u00a0sans risque pour le tube.<\/p>\n","protected":false},"excerpt":{"rendered":"<p>Le coude pour brumisateur haute pression OA6 est\u00a0<strong>un raccord de qualit\u00e9 sup\u00e9rieure<\/strong>, fabriqu\u00e9 en laiton nickel\u00e9 pour\u00a0<strong>une dur\u00e9e de vie plus longue<\/strong>\u00a0que le plastique. Il est sp\u00e9cialement con\u00e7u\u00a0<strong>pour faire des angles droits avec la rampe de brumisation<\/strong>\u00a0sans risque pour le tube.<\/p>\n","protected":false},"featured_media":1058,"comment_status":"open","ping_status":"closed","template":"","meta":{"_acf_changed":false,"_seopress_robots_primary_cat":"none","_seopress_titles_title":"Coude pour tube brumisation haute pression laiton nickel\u00e9","_seopress_titles_desc":"R\u00e9alisez des angles droits sans plier le tube de brumisation. ce coude garantit une \u00e9tanch\u00e9it\u00e9 parfaite et une int\u00e9gration discr\u00e8te de votre rampe.","_seopress_robots_index":""},"solution-metier-produit":[],"product_brand":[86],"product_cat":[36,37,38,26],"product_tag":[],"class_list":{"0":"post-1057","1":"product","2":"type-product","3":"status-publish","4":"has-post-thumbnail","6":"product_brand-oa6","7":"product_cat-o1-4","8":"product_cat-o3-8","9":"product_cat-o8","10":"product_cat-raccord-de-brumisation","12":"first","13":"instock","14":"taxable","15":"shipping-taxable","16":"purchasable","17":"product-type-variable"},"acf":[],"_links":{"self":[{"href":"https:\/\/www.oa6.fr\/shop\/wp-json\/wp\/v2\/product\/1057","targetHints":{"allow":["GET"]}}],"collection":[{"href":"https:\/\/www.oa6.fr\/shop\/wp-json\/wp\/v2\/product"}],"about":[{"href":"https:\/\/www.oa6.fr\/shop\/wp-json\/wp\/v2\/types\/product"}],"replies":[{"embeddable":true,"href":"https:\/\/www.oa6.fr\/shop\/wp-json\/wp\/v2\/comments?post=1057"}],"wp:featuredmedia":[{"embeddable":true,"href":"https:\/\/www.oa6.fr\/shop\/wp-json\/wp\/v2\/media\/1058"}],"wp:attachment":[{"href":"https:\/\/www.oa6.fr\/shop\/wp-json\/wp\/v2\/media?parent=1057"}],"wp:term":[{"taxonomy":"solution-metier-produit","embeddable":true,"href":"https:\/\/www.oa6.fr\/shop\/wp-json\/wp\/v2\/solution-metier-produit?post=1057"},{"taxonomy":"product_brand","embeddable":true,"href":"https:\/\/www.oa6.fr\/shop\/wp-json\/wp\/v2\/product_brand?post=1057"},{"taxonomy":"product_cat","embeddable":true,"href":"https:\/\/www.oa6.fr\/shop\/wp-json\/wp\/v2\/product_cat?post=1057"},{"taxonomy":"product_tag","embeddable":true,"href":"https:\/\/www.oa6.fr\/shop\/wp-json\/wp\/v2\/product_tag?post=1057"}],"curies":[{"name":"wp","href":"https:\/\/api.w.org\/{rel}","templated":true}]}}