{"id":1061,"date":"2025-03-21T14:01:26","date_gmt":"2025-03-21T14:01:26","guid":{"rendered":"https:\/\/www.oa6.fr\/shop\/?post_type=product&#038;p=1061"},"modified":"2026-01-07T10:23:49","modified_gmt":"2026-01-07T09:23:49","slug":"oamist","status":"publish","type":"product","link":"https:\/\/www.oa6.fr\/shop\/boutique-brumisation\/oamist\/","title":{"rendered":"OAMIST"},"content":{"rendered":"<p>Le kit de brumisation portable OAMIST est\u00a0<strong>con\u00e7u pour r\u00e9pondre \u00e0 tous vos besoins en brumisation en ext\u00e9rieur<\/strong>. Avec sa batterie rechargeable offrant une autonomie allant jusqu\u2019\u00e0 12 heures, vous pouvez <strong>emmener ce syst\u00e8me de refroidissement n\u2019importe o\u00f9 sans avoir besoin de tuyau d\u2019arrosage ou de prise de courant<\/strong>. L\u2019OAMIST est \u00e9quip\u00e9 d\u2019une t\u00e9l\u00e9commande sans fil \u00e0 8 vitesses, vous permettant de r\u00e9gler facilement le d\u00e9bit de brumisation en fonction de vos besoins. Avec une port\u00e9e de 4,5 m\u00e8tres,\u00a0<strong>vous pouvez contr\u00f4ler la pompe \u00e0 distance pour un confort optimal.<\/strong><\/p>\n<p><strong>L\u2019OAMIST est livr\u00e9 avec tous les accessoires n\u00e9cessaires<\/strong>\u00a0pour une utilisation imm\u00e9diate, y compris 5 buses de brumisation, 12 m\u00e8tres de tube, un filtre, 4 manchons porte-buses, 1 embout porte buse lat\u00e9ral, 10 fixations, 1 pince coupe tube et 1 notice. La consommation d\u2019eau varie de 0,04 \u00e0 0,15 litre par minute, en fonction de la vitesse s\u00e9lectionn\u00e9e. Des clips de fixation vous permettent d\u2019attacher votre ligne de brumisation o\u00f9 vous le souhaitez pour une installation facile et rapide.\u00a0<strong>Rafra\u00eechissez-vous rapidement et facilement avec l\u2019OAMIST<\/strong>.<\/p>\n","protected":false},"excerpt":{"rendered":"<p>Le kit de brumisation portable OAMIST est\u00a0con\u00e7u pour r\u00e9pondre \u00e0 tous vos besoins en brumisation en ext\u00e9rieur. Avec sa batterie rechargeable offrant une autonomie allant jusqu\u2019\u00e0 12 heures, vous pouvez emmener ce syst\u00e8me de refroidissement n\u2019importe o\u00f9 sans avoir besoin de tuyau d\u2019arrosage ou de prise de courant. L\u2019OAMIST est \u00e9quip\u00e9 d\u2019une t\u00e9l\u00e9commande sans fil [&hellip;]<\/p>\n","protected":false},"featured_media":1063,"comment_status":"open","ping_status":"closed","template":"","meta":{"_acf_changed":false,"_seopress_robots_primary_cat":"none","_seopress_titles_title":"Kit brumisation nomade oamist autonome, 12h de batterie","_seopress_titles_desc":"D\u00e9couvrez l'oamist, le brumisateur portable avec 12 heures d'autonomie et t\u00e9l\u00e9commande 8 vitesses. id\u00e9al pour le camping, le sport, ou la terrasse sans prise.","_seopress_robots_index":""},"solution-metier-produit":[],"product_brand":[86],"product_cat":[32],"product_tag":[],"class_list":{"0":"post-1061","1":"product","2":"type-product","3":"status-publish","4":"has-post-thumbnail","6":"product_brand-oa6","7":"product_cat-produits-nomades","9":"first","10":"instock","11":"taxable","12":"shipping-taxable","13":"purchasable","14":"product-type-simple"},"acf":[],"_links":{"self":[{"href":"https:\/\/www.oa6.fr\/shop\/wp-json\/wp\/v2\/product\/1061","targetHints":{"allow":["GET"]}}],"collection":[{"href":"https:\/\/www.oa6.fr\/shop\/wp-json\/wp\/v2\/product"}],"about":[{"href":"https:\/\/www.oa6.fr\/shop\/wp-json\/wp\/v2\/types\/product"}],"replies":[{"embeddable":true,"href":"https:\/\/www.oa6.fr\/shop\/wp-json\/wp\/v2\/comments?post=1061"}],"wp:featuredmedia":[{"embeddable":true,"href":"https:\/\/www.oa6.fr\/shop\/wp-json\/wp\/v2\/media\/1063"}],"wp:attachment":[{"href":"https:\/\/www.oa6.fr\/shop\/wp-json\/wp\/v2\/media?parent=1061"}],"wp:term":[{"taxonomy":"solution-metier-produit","embeddable":true,"href":"https:\/\/www.oa6.fr\/shop\/wp-json\/wp\/v2\/solution-metier-produit?post=1061"},{"taxonomy":"product_brand","embeddable":true,"href":"https:\/\/www.oa6.fr\/shop\/wp-json\/wp\/v2\/product_brand?post=1061"},{"taxonomy":"product_cat","embeddable":true,"href":"https:\/\/www.oa6.fr\/shop\/wp-json\/wp\/v2\/product_cat?post=1061"},{"taxonomy":"product_tag","embeddable":true,"href":"https:\/\/www.oa6.fr\/shop\/wp-json\/wp\/v2\/product_tag?post=1061"}],"curies":[{"name":"wp","href":"https:\/\/api.w.org\/{rel}","templated":true}]}}