{"id":1065,"date":"2025-03-21T14:08:55","date_gmt":"2025-03-21T14:08:55","guid":{"rendered":"https:\/\/www.oa6.fr\/shop\/?post_type=product&#038;p=1065"},"modified":"2026-02-24T22:11:42","modified_gmt":"2026-02-24T21:11:42","slug":"atmo6","status":"publish","type":"product","link":"https:\/\/www.oa6.fr\/shop\/boutique-brumisation\/atmo6\/","title":{"rendered":"ATMO6"},"content":{"rendered":"<p>Un refroidissement instantan\u00e9 et \u00e9cologique L\u2019ATMO6 est\u00a0<strong>la solution id\u00e9ale pour se rafra\u00eechir lors de vos activit\u00e9s ext\u00e9rieures.<\/strong>\u00a0Gr\u00e2ce \u00e0 son brumisateur int\u00e9gr\u00e9, elle d<strong>iffuse une fine brume d\u2019eau fra\u00eeche<\/strong>\u00a0qui procure une sensation de fra\u00eecheur imm\u00e9diate. Avec deux vitesses de brumisation, vous pouvez\u00a0<strong>ajuster l\u2019intensit\u00e9 en fonction de vos besoins<\/strong>. Contrairement aux a\u00e9rosols, l\u2019<strong>ATMO6 est r\u00e9utilisable et respectueuse de l\u2019environnement<\/strong>. Elle se recharge facilement en USB pour une autonomie de plusieurs heures.<\/p>\n<p>Une gourde isotherme de haute qualit\u00e9 L\u2019ATMO6 est bien plus qu\u2019une simple gourde. Elle est fabriqu\u00e9e en acier inoxydable avec une double paroi isotherme pour garder vos boissons chaudes ou froides pendant de longues heures. Avec une capacit\u00e9 de 550 ml,\u00a0<strong>elle est id\u00e9ale pour une utilisation quotidienne<\/strong>. La buse en laiton nickel\u00e9 est rempla\u00e7able pour une utilisation durable. La batterie lithium-ion longue dur\u00e9e s<strong>e recharge rapidement via un port USB-C<\/strong>\u00a0pour une utilisation pratique et sans souci.<\/p>\n<p><strong>Brumisateur<\/strong><\/p>\n<ul>\n<li>2 vitesses de brumisation<\/li>\n<li>Buse en laiton nickel\u00e9 rempla\u00e7able<\/li>\n<li>Charge rapide par port USB-C<\/li>\n<li>Batterie lithium-ion longue dur\u00e9e<\/li>\n<\/ul>\n<p><strong>Gourde<\/strong><\/p>\n<ul>\n<li>Isotherme double paroi inox.<\/li>\n<li>Capacit\u00e9 550ml<\/li>\n<li>Conservation chaud : jusqu\u2019\u00e0 12h \/ Conservation froid : jusqu\u2019\u00e0 48h<\/li>\n<\/ul>\n","protected":false},"excerpt":{"rendered":"<p>L\u2019ATMO6 est une\u00a0<strong>gourde isotherme de haute qualit<\/strong>\u00e9 avec une capacit\u00e9 de 550 ml et une double paroi en acier inoxydable pour garder vos boissons chaudes jusqu\u2019\u00e0 12 heures ou froides jusqu\u2019\u00e0 48 heures. Elle est<strong>\u00a0\u00e9quip\u00e9e d\u2019un brumisateur int\u00e9gr\u00e9<\/strong>\u00a0avec deux vitesses de brumisation pour un refroidissement instantan\u00e9 et agr\u00e9able. La buse en laiton nickel\u00e9 est rempla\u00e7able pour une utilisation durable. La\u00a0<strong>batterie lithium-ion longue dur\u00e9e<\/strong>\u00a0se recharge rapidement via un port USB-C pour une autonomie de plusieurs heures.<\/p>\n","protected":false},"featured_media":1068,"comment_status":"open","ping_status":"closed","template":"","meta":{"_acf_changed":false,"_seopress_robots_primary_cat":"none","_seopress_titles_title":"Gourde brumisateur nomade atmo6 isotherme et rafra\u00eechissement","_seopress_titles_desc":"Le atmo6 est la gourde isotherme (550ml, double paroi) id\u00e9ale pour vos sorties. son brumisateur int\u00e9gr\u00e9 offre un rafra\u00eechissement imm\u00e9diat. recharge usb-c.","_seopress_robots_index":""},"solution-metier-produit":[],"product_brand":[86],"product_cat":[32],"product_tag":[],"class_list":{"0":"post-1065","1":"product","2":"type-product","3":"status-publish","4":"has-post-thumbnail","6":"product_brand-oa6","7":"product_cat-produits-nomades","9":"first","10":"outofstock","11":"taxable","12":"shipping-taxable","13":"purchasable","14":"product-type-simple"},"acf":[],"_links":{"self":[{"href":"https:\/\/www.oa6.fr\/shop\/wp-json\/wp\/v2\/product\/1065","targetHints":{"allow":["GET"]}}],"collection":[{"href":"https:\/\/www.oa6.fr\/shop\/wp-json\/wp\/v2\/product"}],"about":[{"href":"https:\/\/www.oa6.fr\/shop\/wp-json\/wp\/v2\/types\/product"}],"replies":[{"embeddable":true,"href":"https:\/\/www.oa6.fr\/shop\/wp-json\/wp\/v2\/comments?post=1065"}],"wp:featuredmedia":[{"embeddable":true,"href":"https:\/\/www.oa6.fr\/shop\/wp-json\/wp\/v2\/media\/1068"}],"wp:attachment":[{"href":"https:\/\/www.oa6.fr\/shop\/wp-json\/wp\/v2\/media?parent=1065"}],"wp:term":[{"taxonomy":"solution-metier-produit","embeddable":true,"href":"https:\/\/www.oa6.fr\/shop\/wp-json\/wp\/v2\/solution-metier-produit?post=1065"},{"taxonomy":"product_brand","embeddable":true,"href":"https:\/\/www.oa6.fr\/shop\/wp-json\/wp\/v2\/product_brand?post=1065"},{"taxonomy":"product_cat","embeddable":true,"href":"https:\/\/www.oa6.fr\/shop\/wp-json\/wp\/v2\/product_cat?post=1065"},{"taxonomy":"product_tag","embeddable":true,"href":"https:\/\/www.oa6.fr\/shop\/wp-json\/wp\/v2\/product_tag?post=1065"}],"curies":[{"name":"wp","href":"https:\/\/api.w.org\/{rel}","templated":true}]}}