{"id":1082,"date":"2025-03-21T15:07:42","date_gmt":"2025-03-21T15:07:42","guid":{"rendered":"https:\/\/www.oa6.fr\/shop\/?post_type=product&#038;p=1082"},"modified":"2026-01-07T11:28:13","modified_gmt":"2026-01-07T10:28:13","slug":"telecommande","status":"publish","type":"product","link":"https:\/\/www.oa6.fr\/shop\/boutique-brumisation\/telecommande\/","title":{"rendered":"T\u00e9l\u00e9commande"},"content":{"rendered":"<p>La t\u00e9l\u00e9commande OA6 est une\u00a0<strong>option pratique pour contr\u00f4ler \u00e0 distance<\/strong>\u00a0votre installation de brumisation haute pression. Gr\u00e2ce \u00e0 elle, vous pouvez facilement\u00a0<strong>activer et d\u00e9sactiver les cycles de marche et de pause<\/strong> de votre brumisateur, sans avoir \u00e0 vous d\u00e9placer jusqu\u2019au kit de brumisation.<\/p>\n","protected":false},"excerpt":{"rendered":"<p>La t\u00e9l\u00e9commande OA6 est une\u00a0option pratique pour contr\u00f4ler \u00e0 distance\u00a0votre installation de brumisation haute pression. Gr\u00e2ce \u00e0 elle, vous pouvez facilement\u00a0activer et d\u00e9sactiver les cycles de marche et de pause de votre brumisateur, sans avoir \u00e0 vous d\u00e9placer jusqu\u2019au kit de brumisation.<\/p>\n","protected":false},"featured_media":1083,"comment_status":"open","ping_status":"closed","template":"","meta":{"_acf_changed":false,"_seopress_robots_primary_cat":"none","_seopress_titles_title":"T\u00e9l\u00e9commande brumisation longue port\u00e9e jusqu'\u00e0 100 m\u00e8tres","_seopress_titles_desc":"Contr\u00f4lez votre brumisateur haute pression \u00e0 distance gr\u00e2ce \u00e0 notre t\u00e9l\u00e9commande. Elle active les cycles marche\/pause avec une port\u00e9e radio jusqu'\u00e0 100 m\u00e8tres.","_seopress_robots_index":""},"solution-metier-produit":[],"product_brand":[86],"product_cat":[55,21,33,25],"product_tag":[],"class_list":{"0":"post-1082","1":"product","2":"type-product","3":"status-publish","4":"has-post-thumbnail","6":"product_brand-oa6","7":"product_cat-capteur-sonde","8":"product_cat-coffret-de-brumisation","9":"product_cat-commande","10":"product_cat-autre","12":"first","13":"instock","14":"taxable","15":"shipping-taxable","16":"purchasable","17":"product-type-simple"},"acf":[],"_links":{"self":[{"href":"https:\/\/www.oa6.fr\/shop\/wp-json\/wp\/v2\/product\/1082","targetHints":{"allow":["GET"]}}],"collection":[{"href":"https:\/\/www.oa6.fr\/shop\/wp-json\/wp\/v2\/product"}],"about":[{"href":"https:\/\/www.oa6.fr\/shop\/wp-json\/wp\/v2\/types\/product"}],"replies":[{"embeddable":true,"href":"https:\/\/www.oa6.fr\/shop\/wp-json\/wp\/v2\/comments?post=1082"}],"wp:featuredmedia":[{"embeddable":true,"href":"https:\/\/www.oa6.fr\/shop\/wp-json\/wp\/v2\/media\/1083"}],"wp:attachment":[{"href":"https:\/\/www.oa6.fr\/shop\/wp-json\/wp\/v2\/media?parent=1082"}],"wp:term":[{"taxonomy":"solution-metier-produit","embeddable":true,"href":"https:\/\/www.oa6.fr\/shop\/wp-json\/wp\/v2\/solution-metier-produit?post=1082"},{"taxonomy":"product_brand","embeddable":true,"href":"https:\/\/www.oa6.fr\/shop\/wp-json\/wp\/v2\/product_brand?post=1082"},{"taxonomy":"product_cat","embeddable":true,"href":"https:\/\/www.oa6.fr\/shop\/wp-json\/wp\/v2\/product_cat?post=1082"},{"taxonomy":"product_tag","embeddable":true,"href":"https:\/\/www.oa6.fr\/shop\/wp-json\/wp\/v2\/product_tag?post=1082"}],"curies":[{"name":"wp","href":"https:\/\/api.w.org\/{rel}","templated":true}]}}