{"id":1086,"date":"2025-03-21T15:18:37","date_gmt":"2025-03-21T15:18:37","guid":{"rendered":"https:\/\/www.oa6.fr\/shop\/?post_type=product&#038;p=1086"},"modified":"2026-01-07T11:10:22","modified_gmt":"2026-01-07T10:10:22","slug":"securite-manque-deau","status":"publish","type":"product","link":"https:\/\/www.oa6.fr\/shop\/boutique-brumisation\/securite-manque-deau\/","title":{"rendered":"Pressostat manque d\u2019eau"},"content":{"rendered":"<p>Le pressostat manque d\u2019eau OA6 est un <strong>accessoire essentiel pour prot\u00e9ger la pompe de brumisation<\/strong>\u00a0haute pression\u00a0<strong>en cas de coupure d\u2019eau<\/strong>\u00a0ou\u00a0<strong>de pression insuffisante<\/strong>. Elle se connecte\u00a0<strong>directement dans les kits de brumisation OA6 Storm et Hurricane<\/strong>\u00a0pour une installation facile et rapide. En cas de manque d\u2019eau,\u00a0<strong>la s\u00e9curit\u00e9 coupe automatiquement l\u2019alimentation de la pompe<\/strong>\u00a0pour \u00e9viter tout dommage et\u00a0<strong>garantir une dur\u00e9e de vie optimale de l\u2019installation.<\/strong><\/p>\n<p><strong>\u00a0<\/strong><\/p>\n","protected":false},"excerpt":{"rendered":"<p>Le pressostat manque d\u2019eau OA6 est un accessoire essentiel pour prot\u00e9ger la pompe de brumisation\u00a0haute pression\u00a0en cas de coupure d\u2019eau\u00a0ou\u00a0de pression insuffisante. Elle se connecte\u00a0directement dans les kits de brumisation OA6 Storm et Hurricane\u00a0pour une installation facile et rapide. En cas de manque d\u2019eau,\u00a0la s\u00e9curit\u00e9 coupe automatiquement l\u2019alimentation de la pompe\u00a0pour \u00e9viter tout dommage et\u00a0garantir [&hellip;]<\/p>\n","protected":false},"featured_media":1894,"comment_status":"open","ping_status":"closed","template":"","meta":{"_acf_changed":false,"_seopress_robots_primary_cat":"none","_seopress_titles_title":"S\u00e9curit\u00e9 manque d'eau pour pompe brumisation haute pression","_seopress_titles_desc":"Prot\u00e9gez votre pompe brumisation haute pression. Cet accessoire coupe l'alimentation en cas de manque d'eau, garantissant une dur\u00e9e de vie optimale.","_seopress_robots_index":""},"solution-metier-produit":[],"product_brand":[86],"product_cat":[21,25],"product_tag":[],"class_list":{"0":"post-1086","1":"product","2":"type-product","3":"status-publish","4":"has-post-thumbnail","6":"product_brand-oa6","7":"product_cat-coffret-de-brumisation","8":"product_cat-autre","10":"first","11":"instock","12":"taxable","13":"shipping-taxable","14":"purchasable","15":"product-type-simple"},"acf":[],"_links":{"self":[{"href":"https:\/\/www.oa6.fr\/shop\/wp-json\/wp\/v2\/product\/1086","targetHints":{"allow":["GET"]}}],"collection":[{"href":"https:\/\/www.oa6.fr\/shop\/wp-json\/wp\/v2\/product"}],"about":[{"href":"https:\/\/www.oa6.fr\/shop\/wp-json\/wp\/v2\/types\/product"}],"replies":[{"embeddable":true,"href":"https:\/\/www.oa6.fr\/shop\/wp-json\/wp\/v2\/comments?post=1086"}],"wp:featuredmedia":[{"embeddable":true,"href":"https:\/\/www.oa6.fr\/shop\/wp-json\/wp\/v2\/media\/1894"}],"wp:attachment":[{"href":"https:\/\/www.oa6.fr\/shop\/wp-json\/wp\/v2\/media?parent=1086"}],"wp:term":[{"taxonomy":"solution-metier-produit","embeddable":true,"href":"https:\/\/www.oa6.fr\/shop\/wp-json\/wp\/v2\/solution-metier-produit?post=1086"},{"taxonomy":"product_brand","embeddable":true,"href":"https:\/\/www.oa6.fr\/shop\/wp-json\/wp\/v2\/product_brand?post=1086"},{"taxonomy":"product_cat","embeddable":true,"href":"https:\/\/www.oa6.fr\/shop\/wp-json\/wp\/v2\/product_cat?post=1086"},{"taxonomy":"product_tag","embeddable":true,"href":"https:\/\/www.oa6.fr\/shop\/wp-json\/wp\/v2\/product_tag?post=1086"}],"curies":[{"name":"wp","href":"https:\/\/api.w.org\/{rel}","templated":true}]}}