{"id":1088,"date":"2025-03-21T15:25:06","date_gmt":"2025-03-21T15:25:06","guid":{"rendered":"https:\/\/www.oa6.fr\/shop\/?post_type=product&#038;p=1088"},"modified":"2026-01-05T15:17:01","modified_gmt":"2026-01-05T14:17:01","slug":"collier-de-fixation-anti-vibration","status":"publish","type":"product","link":"https:\/\/www.oa6.fr\/shop\/boutique-brumisation\/collier-de-fixation-anti-vibration\/","title":{"rendered":"Collier de fixation anti-vibration"},"content":{"rendered":"<p>Le collier de fixation anti-vibration OA6 est un accessoire indispensable pour les syst\u00e8mes de brumisation haute pression. Fabriqu\u00e9 en <strong>m\u00e9tal robuste recouvert de caoutchouc<\/strong>, il est con\u00e7u pour <strong>absorber les vibrations du tube de brumisation<\/strong> dans les premiers m\u00e8tres du syst\u00e8me, <strong>r\u00e9duisant ainsi les bruits et vibrations ind\u00e9sirables<\/strong> qui peuvent affecter la dur\u00e9e de vie du syst\u00e8me.<\/p>\n","protected":false},"excerpt":{"rendered":"<p>Le collier de fixation anti-vibration OA6 est un accessoire indispensable pour les syst\u00e8mes de brumisation haute pression. Fabriqu\u00e9 en m\u00e9tal robuste recouvert de caoutchouc, il est con\u00e7u pour absorber les vibrations du tube de brumisation dans les premiers m\u00e8tres du syst\u00e8me, r\u00e9duisant ainsi les bruits et vibrations ind\u00e9sirables qui peuvent affecter la dur\u00e9e de vie [&hellip;]<\/p>\n","protected":false},"featured_media":1089,"comment_status":"open","ping_status":"closed","template":"","meta":{"_acf_changed":false,"_seopress_robots_primary_cat":"none","_seopress_titles_title":"Collier de fixation anti-vibration pour brumisation haute pression","_seopress_titles_desc":"R\u00e9duisez le bruit et les vibrations de votre installation haute pression gr\u00e2ce \u00e0 ce collier de fixation en acier inoxydable\/caoutchouc.","_seopress_robots_index":""},"solution-metier-produit":[],"product_brand":[86],"product_cat":[39,40,41,27],"product_tag":[],"class_list":{"0":"post-1088","1":"product","2":"type-product","3":"status-publish","4":"has-post-thumbnail","6":"product_brand-oa6","7":"product_cat-o1-4-tube","8":"product_cat-o3-8-tube","9":"product_cat-o8-tube","10":"product_cat-tube","12":"first","13":"instock","14":"taxable","15":"shipping-taxable","16":"purchasable","17":"product-type-variable"},"acf":[],"_links":{"self":[{"href":"https:\/\/www.oa6.fr\/shop\/wp-json\/wp\/v2\/product\/1088","targetHints":{"allow":["GET"]}}],"collection":[{"href":"https:\/\/www.oa6.fr\/shop\/wp-json\/wp\/v2\/product"}],"about":[{"href":"https:\/\/www.oa6.fr\/shop\/wp-json\/wp\/v2\/types\/product"}],"replies":[{"embeddable":true,"href":"https:\/\/www.oa6.fr\/shop\/wp-json\/wp\/v2\/comments?post=1088"}],"wp:featuredmedia":[{"embeddable":true,"href":"https:\/\/www.oa6.fr\/shop\/wp-json\/wp\/v2\/media\/1089"}],"wp:attachment":[{"href":"https:\/\/www.oa6.fr\/shop\/wp-json\/wp\/v2\/media?parent=1088"}],"wp:term":[{"taxonomy":"solution-metier-produit","embeddable":true,"href":"https:\/\/www.oa6.fr\/shop\/wp-json\/wp\/v2\/solution-metier-produit?post=1088"},{"taxonomy":"product_brand","embeddable":true,"href":"https:\/\/www.oa6.fr\/shop\/wp-json\/wp\/v2\/product_brand?post=1088"},{"taxonomy":"product_cat","embeddable":true,"href":"https:\/\/www.oa6.fr\/shop\/wp-json\/wp\/v2\/product_cat?post=1088"},{"taxonomy":"product_tag","embeddable":true,"href":"https:\/\/www.oa6.fr\/shop\/wp-json\/wp\/v2\/product_tag?post=1088"}],"curies":[{"name":"wp","href":"https:\/\/api.w.org\/{rel}","templated":true}]}}