{"id":1096,"date":"2025-03-21T15:35:55","date_gmt":"2025-03-21T15:35:55","guid":{"rendered":"https:\/\/www.oa6.fr\/shop\/?post_type=product&#038;p=1096"},"modified":"2025-12-12T10:59:16","modified_gmt":"2025-12-12T09:59:16","slug":"tube-de-brumisation","status":"publish","type":"product","link":"https:\/\/www.oa6.fr\/shop\/boutique-brumisation\/tube-de-brumisation\/","title":{"rendered":"Tube de brumisation"},"content":{"rendered":"<p>Le tube de brumisation OA6 est fabriqu\u00e9 en\u00a0<strong>Polyamide 12<\/strong>, un\u00a0<strong>mat\u00e9riau r\u00e9sistant et flexible<\/strong>\u00a0qui offre une excellente dur\u00e9e de vie. Gr\u00e2ce \u00e0 sa grande flexibilit\u00e9, il permet de s\u2019<strong>adapter \u00e0 tous les types d\u2019installations<\/strong>, m\u00eame les plus complexes. De plus, il supporte une pression allant jusqu\u2019\u00e0 80 bars, ce qui le rend\u00a0<strong>parfaitement adapt\u00e9 aux brumisateurs haute pression.<\/strong><\/p>\n","protected":false},"excerpt":{"rendered":"<p>Le tube de brumisation OA6 est fabriqu\u00e9 en\u00a0Polyamide 12, un\u00a0mat\u00e9riau r\u00e9sistant et flexible\u00a0qui offre une excellente dur\u00e9e de vie. Gr\u00e2ce \u00e0 sa grande flexibilit\u00e9, il permet de s\u2019adapter \u00e0 tous les types d\u2019installations, m\u00eame les plus complexes. De plus, il supporte une pression allant jusqu\u2019\u00e0 80 bars, ce qui le rend\u00a0parfaitement adapt\u00e9 aux brumisateurs haute [&hellip;]<\/p>\n","protected":false},"featured_media":1950,"comment_status":"open","ping_status":"closed","template":"","meta":{"_acf_changed":false,"_seopress_robots_primary_cat":"none","_seopress_titles_title":"Tube de Brumisation Haute Pression PA12 (\u00d86,35 \u00e0 \u00d89,52)","_seopress_titles_desc":"Tube de brumisation Haute Pression en Polyamide 12. Flexible et r\u00e9sistant, il s'adapte \u00e0 toute installation. Disponible en \u00d86,35, \u00d88 et \u00d89,52 mm.","_seopress_robots_index":""},"solution-metier-produit":[],"product_brand":[86],"product_cat":[39,40,41,27],"product_tag":[],"class_list":{"0":"post-1096","1":"product","2":"type-product","3":"status-publish","4":"has-post-thumbnail","6":"product_brand-oa6","7":"product_cat-o1-4-tube","8":"product_cat-o3-8-tube","9":"product_cat-o8-tube","10":"product_cat-tube","12":"first","13":"instock","14":"taxable","15":"shipping-taxable","16":"purchasable","17":"product-type-variable"},"acf":[],"_links":{"self":[{"href":"https:\/\/www.oa6.fr\/shop\/wp-json\/wp\/v2\/product\/1096","targetHints":{"allow":["GET"]}}],"collection":[{"href":"https:\/\/www.oa6.fr\/shop\/wp-json\/wp\/v2\/product"}],"about":[{"href":"https:\/\/www.oa6.fr\/shop\/wp-json\/wp\/v2\/types\/product"}],"replies":[{"embeddable":true,"href":"https:\/\/www.oa6.fr\/shop\/wp-json\/wp\/v2\/comments?post=1096"}],"wp:featuredmedia":[{"embeddable":true,"href":"https:\/\/www.oa6.fr\/shop\/wp-json\/wp\/v2\/media\/1950"}],"wp:attachment":[{"href":"https:\/\/www.oa6.fr\/shop\/wp-json\/wp\/v2\/media?parent=1096"}],"wp:term":[{"taxonomy":"solution-metier-produit","embeddable":true,"href":"https:\/\/www.oa6.fr\/shop\/wp-json\/wp\/v2\/solution-metier-produit?post=1096"},{"taxonomy":"product_brand","embeddable":true,"href":"https:\/\/www.oa6.fr\/shop\/wp-json\/wp\/v2\/product_brand?post=1096"},{"taxonomy":"product_cat","embeddable":true,"href":"https:\/\/www.oa6.fr\/shop\/wp-json\/wp\/v2\/product_cat?post=1096"},{"taxonomy":"product_tag","embeddable":true,"href":"https:\/\/www.oa6.fr\/shop\/wp-json\/wp\/v2\/product_tag?post=1096"}],"curies":[{"name":"wp","href":"https:\/\/api.w.org\/{rel}","templated":true}]}}