{"id":1437,"date":"2025-09-08T12:35:29","date_gmt":"2025-09-08T12:35:29","guid":{"rendered":"https:\/\/www.oa6.fr\/shop\/?post_type=product&#038;p=1437"},"modified":"2025-12-12T10:09:45","modified_gmt":"2025-12-12T09:09:45","slug":"cartouche-filtrante","status":"publish","type":"product","link":"https:\/\/www.oa6.fr\/shop\/boutique-brumisation\/cartouche-filtrante\/","title":{"rendered":"Cartouche filtrante"},"content":{"rendered":"<p>Prot\u00e9gez votre installation de brumisation et am\u00e9liorez la qualit\u00e9 de votre eau avec notre <strong>cartouche filtrante <\/strong>, con\u00e7ue pour retenir efficacement les s\u00e9diments, boues, sable et particules en suspension. <strong>Fabriqu\u00e9e en France<\/strong> \u00e0 partir de microfibres Meltblown 100% pures, cette cartouche ne rel\u00e2che aucune particule apr\u00e8s filtration, m\u00eame sous pression.<\/p>\n<p><strong>Id\u00e9ale en premi\u00e8re ligne de filtration<\/strong>, cette cartouche\u00a0 est la solution parfaite pour pr\u00e9server vos \u00e9quipements et garantir une eau pure. Commandez d\u00e8s maintenant pour une filtration efficace et durable !<\/p>\n","protected":false},"excerpt":{"rendered":"<p>Prot\u00e9gez votre installation de brumisation et am\u00e9liorez la qualit\u00e9 de votre eau avec notre cartouche filtrante , con\u00e7ue pour retenir efficacement les s\u00e9diments, boues, sable et particules en suspension. Fabriqu\u00e9e en France \u00e0 partir de microfibres Meltblown 100% pures, cette cartouche ne rel\u00e2che aucune particule apr\u00e8s filtration, m\u00eame sous pression. Id\u00e9ale en premi\u00e8re ligne de [&hellip;]<\/p>\n","protected":false},"featured_media":1946,"comment_status":"open","ping_status":"closed","template":"","meta":{"_acf_changed":false,"_seopress_robots_primary_cat":"none","_seopress_titles_title":"Cartouche filtrante prot\u00e8ge votre installation de brumisation","_seopress_titles_desc":"Prot\u00e9gez votre installation de brumisation et am\u00e9liorez la qualit\u00e9 de votre eau avec notre cartouche filtrante, ne rel\u00e2che aucune particule apr\u00e8s filtration.","_seopress_robots_index":""},"solution-metier-produit":[],"product_brand":[86],"product_cat":[46,29],"product_tag":[],"class_list":{"0":"post-1437","1":"product","2":"type-product","3":"status-publish","4":"has-post-thumbnail","6":"product_brand-oa6","7":"product_cat-cartouche","8":"product_cat-filtration","10":"first","11":"instock","12":"taxable","13":"shipping-taxable","14":"purchasable","15":"product-type-variable"},"acf":[],"_links":{"self":[{"href":"https:\/\/www.oa6.fr\/shop\/wp-json\/wp\/v2\/product\/1437","targetHints":{"allow":["GET"]}}],"collection":[{"href":"https:\/\/www.oa6.fr\/shop\/wp-json\/wp\/v2\/product"}],"about":[{"href":"https:\/\/www.oa6.fr\/shop\/wp-json\/wp\/v2\/types\/product"}],"replies":[{"embeddable":true,"href":"https:\/\/www.oa6.fr\/shop\/wp-json\/wp\/v2\/comments?post=1437"}],"wp:featuredmedia":[{"embeddable":true,"href":"https:\/\/www.oa6.fr\/shop\/wp-json\/wp\/v2\/media\/1946"}],"wp:attachment":[{"href":"https:\/\/www.oa6.fr\/shop\/wp-json\/wp\/v2\/media?parent=1437"}],"wp:term":[{"taxonomy":"solution-metier-produit","embeddable":true,"href":"https:\/\/www.oa6.fr\/shop\/wp-json\/wp\/v2\/solution-metier-produit?post=1437"},{"taxonomy":"product_brand","embeddable":true,"href":"https:\/\/www.oa6.fr\/shop\/wp-json\/wp\/v2\/product_brand?post=1437"},{"taxonomy":"product_cat","embeddable":true,"href":"https:\/\/www.oa6.fr\/shop\/wp-json\/wp\/v2\/product_cat?post=1437"},{"taxonomy":"product_tag","embeddable":true,"href":"https:\/\/www.oa6.fr\/shop\/wp-json\/wp\/v2\/product_tag?post=1437"}],"curies":[{"name":"wp","href":"https:\/\/api.w.org\/{rel}","templated":true}]}}