{"id":383,"date":"2025-03-05T10:02:04","date_gmt":"2025-03-05T10:02:04","guid":{"rendered":"https:\/\/www.oa6.fr\/shop\/?post_type=product&#038;p=383"},"modified":"2025-12-15T17:22:53","modified_gmt":"2025-12-15T16:22:53","slug":"buse-de-brumisation","status":"publish","type":"product","link":"https:\/\/www.oa6.fr\/shop\/boutique-brumisation\/buse-de-brumisation\/","title":{"rendered":"Buse de brumisation"},"content":{"rendered":"<p>Les buses de brumisation OA6\u00a0<strong>sont con\u00e7ues pour offrir une diffusion parfaite de la brumisation<\/strong>. Elles sont \u00e9quip\u00e9es d\u2019un antigoutte qui emp\u00eache l\u2019\u00e9coulement de l\u2019eau \u00e0 l\u2019arr\u00eat de votre brumisateur et d\u2019un orifice de diffusion en inox pour une plus grande durabilit\u00e9. Les buses sont <strong>fabriqu\u00e9es en inox et sont dot\u00e9es d\u2019un filetage 10\/24M pour un montage facile<\/strong>\u00a0sur tous les porte-buses. Elles offrent un d\u00e9bit allant de 0,07 l\/min \u00e0 0,21 l\/min \u00e0 60 bars.<\/p>\n","protected":false},"excerpt":{"rendered":"<p>Les buses de brumisation OA6\u00a0sont con\u00e7ues pour offrir une diffusion parfaite de la brumisation. Elles sont \u00e9quip\u00e9es d\u2019un antigoutte qui emp\u00eache l\u2019\u00e9coulement de l\u2019eau \u00e0 l\u2019arr\u00eat de votre brumisateur et d\u2019un orifice de diffusion en inox pour une plus grande durabilit\u00e9. Les buses sont fabriqu\u00e9es en inox et sont dot\u00e9es d\u2019un filetage 10\/24M pour un [&hellip;]<\/p>\n","protected":false},"featured_media":1857,"comment_status":"open","ping_status":"closed","template":"","meta":{"_acf_changed":false,"_seopress_robots_primary_cat":"none","_seopress_titles_title":"Buse de brumisation haute pression inox avec antigoutte","_seopress_titles_desc":"Profitez d'une diffusion ultra-fine et sans gouttes gr\u00e2ce \u00e0 nos buses de brumisation haute pression. \u00c9quip\u00e9es d'un antigoutte pour un arr\u00eat net du syst\u00e8me.","_seopress_robots_index":""},"solution-metier-produit":[],"product_brand":[86],"product_cat":[28,42],"product_tag":[],"class_list":{"0":"post-383","1":"product","2":"type-product","3":"status-publish","4":"has-post-thumbnail","6":"product_brand-oa6","7":"product_cat-buse","8":"product_cat-buse-haute-pression","10":"first","11":"instock","12":"taxable","13":"shipping-taxable","14":"purchasable","15":"product-type-variable"},"acf":[],"_links":{"self":[{"href":"https:\/\/www.oa6.fr\/shop\/wp-json\/wp\/v2\/product\/383","targetHints":{"allow":["GET"]}}],"collection":[{"href":"https:\/\/www.oa6.fr\/shop\/wp-json\/wp\/v2\/product"}],"about":[{"href":"https:\/\/www.oa6.fr\/shop\/wp-json\/wp\/v2\/types\/product"}],"replies":[{"embeddable":true,"href":"https:\/\/www.oa6.fr\/shop\/wp-json\/wp\/v2\/comments?post=383"}],"wp:featuredmedia":[{"embeddable":true,"href":"https:\/\/www.oa6.fr\/shop\/wp-json\/wp\/v2\/media\/1857"}],"wp:attachment":[{"href":"https:\/\/www.oa6.fr\/shop\/wp-json\/wp\/v2\/media?parent=383"}],"wp:term":[{"taxonomy":"solution-metier-produit","embeddable":true,"href":"https:\/\/www.oa6.fr\/shop\/wp-json\/wp\/v2\/solution-metier-produit?post=383"},{"taxonomy":"product_brand","embeddable":true,"href":"https:\/\/www.oa6.fr\/shop\/wp-json\/wp\/v2\/product_brand?post=383"},{"taxonomy":"product_cat","embeddable":true,"href":"https:\/\/www.oa6.fr\/shop\/wp-json\/wp\/v2\/product_cat?post=383"},{"taxonomy":"product_tag","embeddable":true,"href":"https:\/\/www.oa6.fr\/shop\/wp-json\/wp\/v2\/product_tag?post=383"}],"curies":[{"name":"wp","href":"https:\/\/api.w.org\/{rel}","templated":true}]}}